{"id":1556,"date":"2025-04-10T13:27:10","date_gmt":"2025-04-10T13:27:10","guid":{"rendered":"https:\/\/dominosclub.com\/?page_id=1556"},"modified":"2025-04-23T14:11:30","modified_gmt":"2025-04-23T14:11:30","slug":"privacy-policy","status":"publish","type":"page","link":"https:\/\/dominosclub.com\/pt\/privacy-policy\/","title":{"rendered":"Pol\u00edtica de privacidade"},"content":{"rendered":"<div data-elementor-type=\"wp-page\" data-elementor-id=\"1556\" class=\"elementor elementor-1556\" data-elementor-post-type=\"page\">\n\t\t\t\t<div class=\"elementor-element elementor-element-4bb8f0f6 e-flex e-con-boxed e-con e-parent\" data-id=\"4bb8f0f6\" data-element_type=\"container\">\n\t\t\t\t\t<div class=\"e-con-inner\">\n\t\t\t\t<div class=\"elementor-element elementor-element-6962540f elementor-widget elementor-widget-text-editor\" data-id=\"6962540f\" data-element_type=\"widget\" data-widget_type=\"text-editor.default\">\n\t\t\t\t<div class=\"elementor-widget-container\">\n\t\t\t\t\t\t\t\t\t<p>Pol\u00edtica de Privacidade &amp; Cookies<\/p><p>A sua privacidade \u00e9 muito importante para n\u00f3s. Respeitamo-la, e estamos empenhados em proteg\u00ea-la. Comprometemo-nos a seguir sempre o previsto na Lei de Protec\u00e7\u00e3o de Dados Pessoais \u2013 Lei n.\u00ba 67\/98, de 26 de Outubro.<\/p><p>A utiliza\u00e7\u00e3o deste site implica a aceita\u00e7\u00e3o da presente Pol\u00edtica de Privacidade. Confidencialidade dos Dados Solicitamos informa\u00e7\u00f5es de identifica\u00e7\u00e3o pessoal sempre que utiliza o nosso formul\u00e1rio de contacto.<\/p><p>Da mesma forma, sempre que visita o nosso website, \u00e9 instalado um cookie no seu computador. Trata-se de um ficheiro de texto que um site envia para o software do seu browser. Os cookies permitem que um s\u00edtio personalize as informa\u00e7\u00f5es que lhe s\u00e3o apresentadas, com base nas suas prefer\u00eancias de navega\u00e7\u00e3o. Poder\u00e1 optar por n\u00e3o receber cookies no seu navegador, acedendo \u00e0s configura\u00e7\u00f5es do mesmo.<\/p><p>Este s\u00edtio tamb\u00e9m utiliza cookies para rastrear as visitas. As informa\u00e7\u00f5es recolhidas ajudam-nos a optimizar o conte\u00fado, navega\u00e7\u00e3o, layout e desempenho do site, para que possamos proporcionar um melhor servi\u00e7o.<\/p><p>N\u00e3o facultamos a terceiros, sob circunst\u00e2ncia alguma, as suas informa\u00e7\u00f5es pessoais, sem previamente o informarmos, e sempre em conformidade com a legisla\u00e7\u00e3o atualmente em vigor relativa \u00e0 prote\u00e7\u00e3o das informa\u00e7\u00f5es pessoais. As suas informa\u00e7\u00f5es pessoais poder\u00e3o ser transmitidas a fornecedores externos subcontratados para determinados servi\u00e7os, aos quais exigimos que as mantenham igualmente confidenciais.<\/p><p>Controlo sobre os seus dados Facultamos a todos os clientes a possibilidade de rever, alterar, ou anular os seus dados pessoais contidos na nossa base de dados. Para tal, basta contactar-nos por e-mail para o endere\u00e7o geral@bavieralda.pt e sugerir a altera\u00e7\u00e3o desejada.<\/p><p>Links a Sites Terceiros<\/p><p>Por forma a melhorar os servi\u00e7os oferecidos no nosso site, poderemos incluir links para sites de terceiros. No entanto, n\u00e3o nos responsabilizamos pelas pol\u00edticas de privacidade, conte\u00fado ou actividade de tais sites.<\/p><p>Altera\u00e7\u00f5es \u00e0 Pol\u00edtica de Privacidade Quaisquer mudan\u00e7as realizadas na presente Pol\u00edtica de Privacidade ser\u00e3o descriminadas nesta p\u00e1gina.<\/p><p>Contacte-nos<\/p><p>Para quaisquer quest\u00f5es relativas a esta Pol\u00edtica de Privacidade e aspectos de privacidade dos nossos produtos e servi\u00e7os, ou para efectuar uma reclama\u00e7\u00e3o, \u00e9 favor contactar: geral@bavieralda.pt<\/p><p>Termos &amp; Condi\u00e7\u00f5es <br \/>O utilizador do site PEQUENA IT\u00c1LIA \u2013 Restaurantes &amp; Bares, Lda, (\u00e0 frente designada como Empresa) poder\u00e1 inscrever-se no site da empresa, fornecendo algumas informa\u00e7\u00f5es. Registo de Ficheiros e formul\u00e1rios. Nos termos e para efeitos do disposto na Lei n.\u00ba 67\/98, de 26 de Outubro, relativa \u00e0 Protec\u00e7\u00e3o de Dados Pessoais, designadamente o artigo 10.\u00ba, declaro tomar conhecimento que os dados de car\u00e1cter pessoal recolhidos no presente formul\u00e1rio, se destinam a ser utilizados em processos de selec\u00e7\u00e3o e recrutamento, presentes e futuros, da PEQUENA IT\u00c1LIA \u2013 Restaurantes &amp; Bares, Lda , sendo respons\u00e1vel pelo seu tratamento a sociedade portuguesa denominada por PEQUENA IT\u00c1LIA \u2013 Restaurantes &amp; Bares, Lda, com sede no Edific\u00edo Merc\u00fario, Lote 14, Fra\u00e7\u00e3o A na Rua do Lageado \u2013 8200-328 ALBUFEIRA. Atrav\u00e9s do presente formul\u00e1rio tomo conhecimento e presto o meu consentimento expresso que os dados pessoais ora recolhidos, por for\u00e7a da finalidade suprarreferida, se destinam a serem introduzidos e tratados, de forma autom\u00e1tica ou n\u00e3o: Nos ficheiros de \u201cArquivo de curr\u00edculo e selec\u00e7\u00e3o de pessoal pela PEQUENA IT\u00c1LIA \u2013 Rsstaurante &amp; Bares, Lda.<\/p><p>Nos termos da informa\u00e7\u00e3o supra prestada, declaro consentir o tratamento de dados de car\u00e1cter pessoal \u00e0 empresa, a quem expressamente autorizo que ceda os respectivos dados aos destinat\u00e1rios supracitados, limitando o dito consentimento ao cumprimento dos fins ora indicados. O consentimento ora prestado \u00e9 extens\u00edvel a outras empresas do grupo PEQUENA IT\u00c1LIA \u2013 Restaurentes &amp; Bares, Lda.<\/p><p>Exactid\u00e3o e fiabilidade das informa\u00e7\u00f5es prestadas O Utilizador garante que os dados pessoais fornecidos \u00e0 Empresa s\u00e3o verdadeiros e precisos, ficando este respons\u00e1vel por comunicar \u00e0 Empresa qualquer altera\u00e7\u00e3o nos mesmos.<\/p><p>As medidas de seguran\u00e7a relativas aos dados ora fornecidos s\u00e3o as definidas no artigo 14\u00ba e 15.\u00ba da Lei n.\u00ba 67\/98, pelo que os usu\u00e1rios podem exercer os direitos de acesso e rectifica\u00e7\u00e3o, cancelamento e oposi\u00e7\u00e3o dos dados agora fornecidos. Finalidade<\/p><p>A recolha e o tratamento automatizado de dados pessoais, tem como finalidade manter uma poss\u00edvel rela\u00e7\u00e3o profissional com a empresa PEQUENA IT\u00c1LIA, LDA. Exerc\u00edcio dos direitos de acesso, rectifica\u00e7\u00e3o, cancelamento e oposi\u00e7\u00e3o Poder\u00e1 exercer os seus direitos de acesso, rectifica\u00e7\u00e3o, cancelamento e\/ou oposi\u00e7\u00e3o atrav\u00e9s de comunica\u00e7\u00e3o escrita, acompanhado de documento que comprove a sua identidade e \/ou os dados a rectificar, se aplic\u00e1vel, a enviar para: Endere\u00e7o de correio electr\u00f3nico geral@bavieralda.pt<\/p><p>PEQUENA IT\u00c1LIA &#8211; Restaurantes &amp; Bares, Lda, com sede no Edific\u00edo Merc\u00fario, Lote 14, Fra\u00e7\u00e3o A , na Rua do Lageado \u2013 8200 328 ALBUFEIRA.<\/p><p>Medidas de seguran\u00e7a <br \/>A Empresa adoptou as normas e medidas de seguran\u00e7a para a protec\u00e7\u00e3o de dados pessoais, instalando nos seus sistemas e ficheiros todas as medidas t\u00e9cnicas necess\u00e1rias para garantir a confidencialidade dos dados, evitar a sua perda, altera\u00e7\u00e3o e acesso. No entanto, o utilizador deve estar ciente de que medidas de seguran\u00e7a na Internet n\u00e3o s\u00e3o infal\u00edveis.<\/p><p>O utilizador compromete-se a utilizar o seu nome de utilizador e a sua password de forma diligente e a mant\u00ea-los secretos. O utilizador assume a responsabilidade exclusiva pela manuten\u00e7\u00e3o da confidencialidade do seu nome de utilizador e da sua password, assumindo pessoalmente quaisquer actividades que se realizem ou que ocorram atrav\u00e9s da utiliza\u00e7\u00e3o dos mesmos.<\/p><p>O utilizador pode cancelar e desactivar o seu registo em qualquer momento utilizando o seu nome de utilizador e a sua password.<\/p><p>Aceita\u00e7\u00e3o e aprova\u00e7\u00e3o<\/p><p>O utilizador declara ter sido informado das condi\u00e7\u00f5es de protec\u00e7\u00e3o de dados, aceitar e consentir o seu tratamento automatizado pela Empresa, na forma e para os fins descritos na presente Pol\u00edtica de Protec\u00e7\u00e3o de Dados Pessoais.<\/p><p>Em cumprimento da lei n\u00ba 144\/2015 de 8 de Setembro informamos que para a resolu\u00e7\u00e3o de conflitos de consumo deve ser contactada a comiss\u00e3o arbitral do Turismo de Portugal ou a qualquer uma das entidades devidamente indicadas na lista disponibilizada pela Dire\u00e7\u00e3o Geral do Consumidor.<\/p>\t\t\t\t\t\t\t\t<\/div>\n\t\t\t\t<\/div>\n\t\t\t\t\t<\/div>\n\t\t\t\t<\/div>\n\t\t\t\t<\/div>","protected":false},"excerpt":{"rendered":"<p>Pol\u00edtica de Privacidade &amp; Cookies A sua privacidade \u00e9 muito importante para n\u00f3s. Respeitamo-la, e estamos empenhados em proteg\u00ea-la. Comprometemo-nos a seguir sempre o previsto na Lei de Protec\u00e7\u00e3o de Dados Pessoais \u2013 Lei n.\u00ba 67\/98, de 26 de Outubro. A utiliza\u00e7\u00e3o deste site implica a aceita\u00e7\u00e3o da presente Pol\u00edtica de Privacidade. Confidencialidade dos Dados [&hellip;]<\/p>","protected":false},"author":1,"featured_media":0,"parent":0,"menu_order":0,"comment_status":"closed","ping_status":"closed","template":"","meta":{"_joinchat":[],"footnotes":""},"class_list":["post-1556","page","type-page","status-publish","hentry"],"_links":{"self":[{"href":"https:\/\/dominosclub.com\/pt\/wp-json\/wp\/v2\/pages\/1556","targetHints":{"allow":["GET"]}}],"collection":[{"href":"https:\/\/dominosclub.com\/pt\/wp-json\/wp\/v2\/pages"}],"about":[{"href":"https:\/\/dominosclub.com\/pt\/wp-json\/wp\/v2\/types\/page"}],"author":[{"embeddable":true,"href":"https:\/\/dominosclub.com\/pt\/wp-json\/wp\/v2\/users\/1"}],"replies":[{"embeddable":true,"href":"https:\/\/dominosclub.com\/pt\/wp-json\/wp\/v2\/comments?post=1556"}],"version-history":[{"count":7,"href":"https:\/\/dominosclub.com\/pt\/wp-json\/wp\/v2\/pages\/1556\/revisions"}],"predecessor-version":[{"id":1847,"href":"https:\/\/dominosclub.com\/pt\/wp-json\/wp\/v2\/pages\/1556\/revisions\/1847"}],"wp:attachment":[{"href":"https:\/\/dominosclub.com\/pt\/wp-json\/wp\/v2\/media?parent=1556"}],"curies":[{"name":"wp","href":"https:\/\/api.w.org\/{rel}","templated":true}]}}